{"id":5,"date":"2015-10-02T13:31:09","date_gmt":"2015-10-02T13:31:09","guid":{"rendered":"http:\/\/klavier-stimmerservice.de\/?page_id=5"},"modified":"2019-10-27T13:23:11","modified_gmt":"2019-10-27T13:23:11","slug":"kontakt","status":"publish","type":"page","link":"https:\/\/klavier-stimmerservice.de\/index.php\/kontakt\/","title":{"rendered":"Kontakt"},"content":{"rendered":"<p>Michael Weinstein<br \/>\nHauptstrasse 13<br \/>\n40699 Erkrath<\/p>\n<p>Tel: 02104\/ 2000465<br \/>\nMobil: 0179\/ 5901688<\/p>\n<p>E-Mail: mihail_weinstein@yahoo.de<\/p>\n<p>www.klavier-stimmerservice.de<\/p>\n<p>Gerne \u00fcbernehme ich Auftr\u00e4ge aus folgenden St\u00e4dten:\u00a0D\u00fcsseldorf, Neuss, Mettmann, Meerbusch, Ratingen, Duisburg,\u00a0Krefeld,\u00a0Hilden, Haan, Langenfeld, M\u00f6nchengladbach, Kaarst, Moers, Wuppertal, Solingen , Velbert,\u00a0Essen, K\u00f6ln, Leverkusen, Bergisch Gladbach, Ennepetal, Frechen, Gelsenkirchen,\u00a0Gevelsberg, Grevenbroich, Heiligenhaus, Hattingen, J\u00fcchen,\u00a0Leichlingen, Moers, Monheim, M\u00fclheim(Ruhr), Niederkassel, Remscheid, Witten, W\u00fcfrath.<\/p>\n","protected":false},"excerpt":{"rendered":"<p>Michael Weinstein Hauptstrasse 13 40699 Erkrath Tel: 02104\/ 2000465 Mobil: 0179\/ 5901688 E-Mail: mihail_weinstein@yahoo.de www.klavier-stimmerservice.de Gerne \u00fcbernehme ich Auftr\u00e4ge aus folgenden St\u00e4dten:\u00a0D\u00fcsseldorf, Neuss, Mettmann, Meerbusch, Ratingen, Duisburg,\u00a0Krefeld,\u00a0Hilden, Haan, Langenfeld, M\u00f6nchengladbach, Kaarst, Moers, Wuppertal, Solingen , Velbert,\u00a0Essen, K\u00f6ln, Leverkusen, Bergisch Gladbach, Ennepetal, Frechen, Gelsenkirchen,\u00a0Gevelsberg, Grevenbroich, Heiligenhaus, Hattingen, J\u00fcchen,\u00a0Leichlingen, Moers, Monheim, M\u00fclheim(Ruhr), Niederkassel, Remscheid, Witten, W\u00fcfrath.<\/p>\n","protected":false},"author":1,"featured_media":0,"parent":0,"menu_order":4,"comment_status":"closed","ping_status":"closed","template":"","meta":[],"_links":{"self":[{"href":"https:\/\/klavier-stimmerservice.de\/index.php\/wp-json\/wp\/v2\/pages\/5"}],"collection":[{"href":"https:\/\/klavier-stimmerservice.de\/index.php\/wp-json\/wp\/v2\/pages"}],"about":[{"href":"https:\/\/klavier-stimmerservice.de\/index.php\/wp-json\/wp\/v2\/types\/page"}],"author":[{"embeddable":true,"href":"https:\/\/klavier-stimmerservice.de\/index.php\/wp-json\/wp\/v2\/users\/1"}],"replies":[{"embeddable":true,"href":"https:\/\/klavier-stimmerservice.de\/index.php\/wp-json\/wp\/v2\/comments?post=5"}],"version-history":[{"count":4,"href":"https:\/\/klavier-stimmerservice.de\/index.php\/wp-json\/wp\/v2\/pages\/5\/revisions"}],"predecessor-version":[{"id":84,"href":"https:\/\/klavier-stimmerservice.de\/index.php\/wp-json\/wp\/v2\/pages\/5\/revisions\/84"}],"wp:attachment":[{"href":"https:\/\/klavier-stimmerservice.de\/index.php\/wp-json\/wp\/v2\/media?parent=5"}],"curies":[{"name":"wp","href":"https:\/\/api.w.org\/{rel}","templated":true}]}}