{"id":26,"date":"2015-10-02T13:57:00","date_gmt":"2015-10-02T13:57:00","guid":{"rendered":"http:\/\/klavier-stimmerservice.de\/?page_id=26"},"modified":"2015-10-02T14:04:12","modified_gmt":"2015-10-02T14:04:12","slug":"service","status":"publish","type":"page","link":"https:\/\/klavier-stimmerservice.de\/index.php\/service\/","title":{"rendered":"Service"},"content":{"rendered":"<p><a href=\"http:\/\/klavier-stimmerservice.de\/wp-content\/uploads\/2015\/10\/IMG_0458a-150x150.gif\"><img decoding=\"async\" loading=\"lazy\" class=\"alignleft size-full wp-image-29\" src=\"http:\/\/klavier-stimmerservice.de\/wp-content\/uploads\/2015\/10\/IMG_0458a-150x150.gif\" alt=\"IMG_0458a-150x150\" width=\"150\" height=\"150\" srcset=\"https:\/\/klavier-stimmerservice.de\/wp-content\/uploads\/2015\/10\/IMG_0458a-150x150.gif 150w, https:\/\/klavier-stimmerservice.de\/wp-content\/uploads\/2015\/10\/IMG_0458a-150x150-140x140.gif 140w, https:\/\/klavier-stimmerservice.de\/wp-content\/uploads\/2015\/10\/IMG_0458a-150x150-74x74.gif 74w\" sizes=\"(max-width: 150px) 100vw, 150px\" \/><\/a>Ein Klavier ist von Au\u00dfen hin ein robustes und stabiles Instrument, im Inneren ist es jedoch empfindlich und braucht regelm\u00e4\u00dfige Pflege in Form der Klavierstimmung.<\/p>\n<p>Nur so kann der urspr\u00fcngliche Klang erhalten bleiben und den Spieler und Zuh\u00f6rer verzaubern.<\/p>\n<p>Im Folgenden finden Sie heraus, wie Ihr Klavier optimal seine volle und lange Klanglebensdauer beibeh\u00e4lt:<\/p>\n<ul>\n<li>Ihr Klavier sollte j\u00e4hrlich gestimmt werden<\/li>\n<li>Steht Ihr Klavier im Raum mit einer Fu\u00dfbodenheizung? Dann ben\u00f6tigt es 2 Mal im Jahr eine Stimmung<\/li>\n<li>Wurde Ihr Klavier seit vielen Jahren nicht mehr gestimmt? Dann bedarf es 2 Stimmungen, die mit einem Abstand von 6 Wochen stattfinden sollten<\/li>\n<li>Sind Sie umgezogen oder wurde das Klavier neu geliefert? Auch in diesem Fall sollte eine Klavierstimmung erfolgen<\/li>\n<li>Ist Ihr Klavier zu tief gestimmt? Dann braucht es wom\u00f6glich 2 Klavierstimmungen im 6-w\u00f6chigen Abstand.<\/li>\n<\/ul>\n<p>&nbsp;<\/p>\n<p>Was Sie noch beachten sollten:<\/p>\n<ul>\n<li>Beim Wechsel des Raumklimas braucht das Klavier ca. 2 Wochen, um sich daran zu gew\u00f6hnen (z.B. Bei Ver\u00e4nderung der Luftfeuchtigkeit und Temperatur, meist im Fr\u00fchjahr und Herbst), hierbei kann es zum Saiten-Spannungsverlust kommen<\/li>\n<li>Bei neuen Klavieren muss sich der Saitendraht noch richtig ausdehnen, daher empfehle ich eine Klavierstimmung mindestens 1 Mal j\u00e4hrlich<\/li>\n<li>\u00c4ltere Klaviere (ab ca. 60 Jahre) lassen sich leider nicht mehr auf Kammerton A stimmen.<\/li>\n<\/ul>\n<p><a href=\"http:\/\/klavier-stimmerservice.de\/wp-content\/uploads\/2015\/10\/IMG_0421a-150x150.gif\"><img decoding=\"async\" loading=\"lazy\" class=\"alignleft size-full wp-image-27\" src=\"http:\/\/klavier-stimmerservice.de\/wp-content\/uploads\/2015\/10\/IMG_0421a-150x150.gif\" alt=\"IMG_0421a-150x150\" width=\"150\" height=\"150\" srcset=\"https:\/\/klavier-stimmerservice.de\/wp-content\/uploads\/2015\/10\/IMG_0421a-150x150.gif 150w, https:\/\/klavier-stimmerservice.de\/wp-content\/uploads\/2015\/10\/IMG_0421a-150x150-140x140.gif 140w, https:\/\/klavier-stimmerservice.de\/wp-content\/uploads\/2015\/10\/IMG_0421a-150x150-74x74.gif 74w\" sizes=\"(max-width: 150px) 100vw, 150px\" \/><\/a>Kurz zu mir:<strong><br \/>\n<\/strong><\/p>\n<p>Ich verf\u00fcge \u00fcber eine 30 j\u00e4hrige Klavierstimmer-Erfahrung und habe im Rahmen der Ausbildung am Konservatorium im Fach Geige .Klavierstimmung als Fach zus\u00e4tzlich belegt.<\/p>\n<p>Wenn Sie mehr Informationen ben\u00f6tigen, k\u00f6nnen Sie mich gerne kontaktieren.\u00a0\u00a0Ich freue mich \u00fcber Ihre Kontaktaufnahme.<\/p>\n<p>&nbsp;<\/p>\n","protected":false},"excerpt":{"rendered":"<p>Ein Klavier ist von Au\u00dfen hin ein robustes und stabiles Instrument, im Inneren ist es jedoch empfindlich und braucht regelm\u00e4\u00dfige Pflege in Form der Klavierstimmung. Nur so kann der urspr\u00fcngliche Klang erhalten bleiben und den Spieler und Zuh\u00f6rer verzaubern. Im Folgenden finden Sie heraus, wie Ihr Klavier optimal seine volle und lange Klanglebensdauer beibeh\u00e4lt: Ihr [&hellip;]<\/p>\n","protected":false},"author":1,"featured_media":0,"parent":0,"menu_order":1,"comment_status":"closed","ping_status":"closed","template":"","meta":[],"_links":{"self":[{"href":"https:\/\/klavier-stimmerservice.de\/index.php\/wp-json\/wp\/v2\/pages\/26"}],"collection":[{"href":"https:\/\/klavier-stimmerservice.de\/index.php\/wp-json\/wp\/v2\/pages"}],"about":[{"href":"https:\/\/klavier-stimmerservice.de\/index.php\/wp-json\/wp\/v2\/types\/page"}],"author":[{"embeddable":true,"href":"https:\/\/klavier-stimmerservice.de\/index.php\/wp-json\/wp\/v2\/users\/1"}],"replies":[{"embeddable":true,"href":"https:\/\/klavier-stimmerservice.de\/index.php\/wp-json\/wp\/v2\/comments?post=26"}],"version-history":[{"count":1,"href":"https:\/\/klavier-stimmerservice.de\/index.php\/wp-json\/wp\/v2\/pages\/26\/revisions"}],"predecessor-version":[{"id":30,"href":"https:\/\/klavier-stimmerservice.de\/index.php\/wp-json\/wp\/v2\/pages\/26\/revisions\/30"}],"wp:attachment":[{"href":"https:\/\/klavier-stimmerservice.de\/index.php\/wp-json\/wp\/v2\/media?parent=26"}],"curies":[{"name":"wp","href":"https:\/\/api.w.org\/{rel}","templated":true}]}}