{"id":11,"date":"2015-10-02T13:37:29","date_gmt":"2015-10-02T13:37:29","guid":{"rendered":"http:\/\/klavier-stimmerservice.de\/?page_id=11"},"modified":"2015-10-02T14:00:28","modified_gmt":"2015-10-02T14:00:28","slug":"preise","status":"publish","type":"page","link":"https:\/\/klavier-stimmerservice.de\/index.php\/preise\/","title":{"rendered":"Preise"},"content":{"rendered":"<p><a href=\"http:\/\/klavier-stimmerservice.de\/wp-content\/uploads\/2015\/10\/evro2-150x150.jpg\"><img decoding=\"async\" loading=\"lazy\" class=\"size-full wp-image-12 alignleft\" src=\"http:\/\/klavier-stimmerservice.de\/wp-content\/uploads\/2015\/10\/evro2-150x150.jpg\" alt=\"evro2-150x150\" width=\"150\" height=\"150\" srcset=\"https:\/\/klavier-stimmerservice.de\/wp-content\/uploads\/2015\/10\/evro2-150x150.jpg 150w, https:\/\/klavier-stimmerservice.de\/wp-content\/uploads\/2015\/10\/evro2-150x150-140x140.jpg 140w, https:\/\/klavier-stimmerservice.de\/wp-content\/uploads\/2015\/10\/evro2-150x150-74x74.jpg 74w\" sizes=\"(max-width: 150px) 100vw, 150px\" \/><\/a>Es gelten die g\u00fcnstigen Festpreise inklusive Anfahrt und MwSt.<\/p>\n<p>Kleine Reparaturen sind im Rahmen der Klavierstimmungsgeb\u00fchr inbegriffen.<\/p>\n<p>Gerne \u00fcbernehme ich Auftr\u00e4ge aus folgenden St\u00e4dten:<\/p>\n<p>D\u00fcsseldorf, Neuss, Mettmann, Meerbusch, Ratingen, Duisburg,\u00a0\u00a0Krefeld,\u00a0\u00a0Hilden, Haan, Langenfeld,\u00a0\u00a0M\u00f6nchengladbach, Kaarst, Moers, Wuppertal , Solingen , Velbert,\u00a0\u00a0Essen , K\u00f6ln,\u00a0\u00a0Leverkusen, Bergisch Gladbach, Ennepetal, Frechen, Gelsenkirchen,\u00a0\u00a0Gevelsberg, Grevenbroich, Heiligenhaus, Hattingen, J\u00fcchen,\u00a0\u00a0Leichlingen, Moers, Monheim, M\u00fclheim(Ruhr), Niederkassel, Remscheid, Witten, W\u00fcfrath.<\/p>\n<p>Sonderrabate gelten f\u00fcr:<\/p>\n<p>&#8211; Stimmgemeinschaften ab 2 Klaviere vor Ort<\/p>\n<p>&#8211; Studenten<\/p>\n<p>&#8211; Musiklehrer<\/p>\n<p>&#8211; Musikschulen<\/p>\n<p>&#8211; Schulen<\/p>\n<p>nach pers\u00f6nlicher Vereinbarung.<\/p>\n","protected":false},"excerpt":{"rendered":"<p>Es gelten die g\u00fcnstigen Festpreise inklusive Anfahrt und MwSt. Kleine Reparaturen sind im Rahmen der Klavierstimmungsgeb\u00fchr inbegriffen. Gerne \u00fcbernehme ich Auftr\u00e4ge aus folgenden St\u00e4dten: D\u00fcsseldorf, Neuss, Mettmann, Meerbusch, Ratingen, Duisburg,\u00a0\u00a0Krefeld,\u00a0\u00a0Hilden, Haan, Langenfeld,\u00a0\u00a0M\u00f6nchengladbach, Kaarst, Moers, Wuppertal , Solingen , Velbert,\u00a0\u00a0Essen , K\u00f6ln,\u00a0\u00a0Leverkusen, Bergisch Gladbach, Ennepetal, Frechen, Gelsenkirchen,\u00a0\u00a0Gevelsberg, Grevenbroich, Heiligenhaus, Hattingen, J\u00fcchen,\u00a0\u00a0Leichlingen, Moers, Monheim, M\u00fclheim(Ruhr), Niederkassel, Remscheid, [&hellip;]<\/p>\n","protected":false},"author":1,"featured_media":0,"parent":0,"menu_order":3,"comment_status":"closed","ping_status":"closed","template":"","meta":[],"_links":{"self":[{"href":"https:\/\/klavier-stimmerservice.de\/index.php\/wp-json\/wp\/v2\/pages\/11"}],"collection":[{"href":"https:\/\/klavier-stimmerservice.de\/index.php\/wp-json\/wp\/v2\/pages"}],"about":[{"href":"https:\/\/klavier-stimmerservice.de\/index.php\/wp-json\/wp\/v2\/types\/page"}],"author":[{"embeddable":true,"href":"https:\/\/klavier-stimmerservice.de\/index.php\/wp-json\/wp\/v2\/users\/1"}],"replies":[{"embeddable":true,"href":"https:\/\/klavier-stimmerservice.de\/index.php\/wp-json\/wp\/v2\/comments?post=11"}],"version-history":[{"count":2,"href":"https:\/\/klavier-stimmerservice.de\/index.php\/wp-json\/wp\/v2\/pages\/11\/revisions"}],"predecessor-version":[{"id":94,"href":"https:\/\/klavier-stimmerservice.de\/index.php\/wp-json\/wp\/v2\/pages\/11\/revisions\/94"}],"wp:attachment":[{"href":"https:\/\/klavier-stimmerservice.de\/index.php\/wp-json\/wp\/v2\/media?parent=11"}],"curies":[{"name":"wp","href":"https:\/\/api.w.org\/{rel}","templated":true}]}}